{"id":8427,"date":"2024-09-02T11:56:52","date_gmt":"2024-09-02T09:56:52","guid":{"rendered":"https:\/\/endometriose-oesterreich.at\/all-about\/how-you-can-support\/"},"modified":"2026-04-28T10:54:06","modified_gmt":"2026-04-28T08:54:06","slug":"how-you-can-support","status":"publish","type":"page","link":"https:\/\/endometriose-oesterreich.at\/en\/all-about\/how-you-can-support\/","title":{"rendered":"How YOU can support"},"content":{"rendered":"<p>[et_pb_section fb_built=&#8221;1&#8243; custom_padding_last_edited=&#8221;on|tablet&#8221; admin_label=&#8221;Hero&#8221; _builder_version=&#8221;4.27.4&#8243; _module_preset=&#8221;e68aa8c9-06e1-48cb-b82b-29ec720aed4c&#8221; use_background_color_gradient=&#8221;on&#8221; background_color_gradient_direction=&#8221;90deg&#8221; background_color_gradient_stops=&#8221;#ffffff 50%|rgba(255,255,255,0) 50%&#8221; background_color_gradient_overlays_image=&#8221;on&#8221; background_color_gradient_start=&#8221;rgba(0,0,0,0.5)&#8221; background_color_gradient_end=&#8221;rgba(0,0,0,0.75)&#8221; background_image=&#8221;https:\/\/endometriose-oesterreich.at\/wp-content\/uploads\/2024\/09\/0-06b400b7-0cc3-421b-aec1-51b3bfa4c8ed-1920&#215;1080.jpg&#8221; custom_padding=&#8221;50px||50px||true|false&#8221; custom_padding_tablet=&#8221;10vw||10vw||true|false&#8221; custom_padding_phone=&#8221;10vw||10vw||true|false&#8221; background_last_edited=&#8221;on|tablet&#8221; use_background_color_gradient_tablet=&#8221;on&#8221; background_color_gradient_direction_tablet=&#8221;180deg&#8221; background_color_gradient_stops_tablet=&#8221;#ffffff 70%|rgba(255,255,255,0) 70%&#8221; da_disable_devices=&#8221;off|off|off&#8221; locked=&#8221;off&#8221; collapsed=&#8221;off&#8221; global_colors_info=&#8221;{}&#8221; da_is_popup=&#8221;off&#8221; da_exit_intent=&#8221;off&#8221; da_has_close=&#8221;on&#8221; da_alt_close=&#8221;off&#8221; da_dark_close=&#8221;off&#8221; da_not_modal=&#8221;on&#8221; da_is_singular=&#8221;off&#8221; da_with_loader=&#8221;off&#8221; da_has_shadow=&#8221;on&#8221;][et_pb_row _builder_version=&#8221;4.27.4&#8243; _module_preset=&#8221;5138c454-be54-4233-bd3b-f8e6a8747976&#8243; locked=&#8221;off&#8221; global_colors_info=&#8221;{}&#8221;][et_pb_column type=&#8221;4_4&#8243; _builder_version=&#8221;4.23.1&#8243; _module_preset=&#8221;73121f80-a3ef-4484-8763-c3f18e3c56d2&#8243; global_colors_info=&#8221;{}&#8221;][et_pb_text admin_label=&#8221;Text&#8221; _builder_version=&#8221;4.27.4&#8243; _module_preset=&#8221;default&#8221; global_colors_info=&#8221;{}&#8221;]<\/p>\n<h1>How YOU can support<\/h1>\n<p>Welcome to End\u00d6 and to this page. You are here because you don&#8217;t just want to be &#8220;affected&#8221;, you want to actively contribute to change!<\/p>\n<p>As a member of the association, you contribute \u20ac10 per year to finance our running costs. With a free donation beyond that, you help us to further expand the offer for the community. Every amount goes directly to the community and all the work we do is voluntary.<\/p>\n<p>We will also be happy to issue you with a membership confirmation. If you need one, please contact us by e-mail.<\/p>\n<p>&nbsp;<\/p>\n<p>[\/et_pb_text][et_pb_contact_form email=&#8221;endo.oesterreich@endoe.at&#8221; title=&#8221;Membership application for Endometriose \u00d6sterreich e.v.&#8221; use_redirect=&#8221;on&#8221; success_message=&#8221;&lt;h3&gt;&lt;strong&gt;Thank you for supporting us with your membership!&lt;\/strong&gt;&lt;br&gt;You will receive an e-mail shortly. Please also check your spam\/junk mails&lt;\/h3&gt;<br \/>\n&lt;p&gt;If you do not receive an email within 24 hours, please write to us at &lt;a href=%22mailto:endo.oesterreich@endoe.at%22&gt;endo.oesterreich@endoe.at&lt;\/a&gt;&lt;\/p&gt;&#8221; submit_button_text=&#8221;Now, support&#8221; module_id=&#8221;mitglied&#8221; _builder_version=&#8221;4.27.5&#8243; _module_preset=&#8221;default&#8221; _unique_id=&#8221;ba943e52-ce0c-4d02-bee9-7c6c2d1d2e36&#8243; title_level=&#8221;h2&#8243; title_font=&#8221;||||||||&#8221; captcha_font_size=&#8221;18px&#8221; captcha_line_height=&#8221;1em&#8221; form_field_font=&#8221;||||||||&#8221; form_field_text_align=&#8221;center&#8221; custom_button=&#8221;on&#8221; button_text_color=&#8221;#FFFFFF&#8221; button_bg_color=&#8221;#657169&#8243; button_border_color=&#8221;#657169&#8243; button_font=&#8221;||||||||&#8221; button_icon=&#8221;&#xe106;||divi||400&#8243; button_icon_color=&#8221;#FFFFFF&#8221; button_icon_placement=&#8221;left&#8221; button_on_hover=&#8221;off&#8221; button_custom_margin=&#8221;||||false|false&#8221; button_custom_padding=&#8221;5px|20px|5px|45px|true|false&#8221; text_orientation=&#8221;left&#8221; custom_margin=&#8221;0px|0px|0px|0px||true&#8221; custom_padding=&#8221;0px|0px|14px|0px||true&#8221; hover_enabled=&#8221;0&#8243; title_text_color_tablet=&#8221;&#8221; title_text_color_phone=&#8221;&#8221; title_text_color_last_edited=&#8221;on|phone&#8221; title_font_size_tablet=&#8221;&#8221; title_font_size_phone=&#8221;&#8221; title_font_size_last_edited=&#8221;on|phone&#8221; custom_css_contact_button=&#8221;position: absolute;||left: 0;||margin-left: 150px;&#8221; custom_css_captcha_field=&#8221;position: absolute;||left: 0;||margin-left: 80px;||margin-top: -10px;&#8221; custom_css_captcha_label=&#8221;position: absolute;||left: 0;||margin-top: 10px;&#8221; use_custom_message_richtext=&#8221;on&#8221; custom_message_richtext=&#8221;<\/p>\n<p>Liebes Endoe-Team,<\/p>\n<p>deine Webseite hat ein neues Mitglied aufgenommen. Hier die Hartfacts:<\/p>\n<p><strong>Mein Mitgliedsantrag<\/strong><br \/>Best\u00e4tigung liegt vor %%Bestaetigung_Mitgliedschaft%%<\/p>\n<p>Vorname: %%Vorname%%<br \/>Name: %%Name%%<\/p>\n<p>Adresse: %%Strasse%% %%Hausnummer%%<br \/>%%Postleitzahl%% %%Ort%%<\/p>\n<p>E-Mail Adresse: %%Email%%<br \/>Telefon: %%Telefon%%<\/p>\n<p>Ich beabsichtige mitzuarbeiten: %%mitarbeit%%<br \/>Sonstiges-Erl\u00e4uterung: %%mitwirkungswille%%<\/p>\n<p>Best\u00e4tigung Datenschutz = %%Datenschutzbestaetigung%%<\/p>\n<p>&#8221; admin_email_subject=&#8221;Mitgliedsantrag von deiner Webseite&#8221; admin_email_bcc=&#8221;preiner@me.com&#8221; use_admin_email_submitter_email=&#8221;on&#8221; use_confirmation_email=&#8221;on&#8221; confirmation_email_field_id=&#8221;Email&#8221; confirmation_email_subject=&#8221;Vielen Dank f\u00fcr Deine Unterst\u00fctzung und Mitgliedschaft&#8221; confirmation_email_from_name=&#8221;Endometriose \u00d6sterreich&#8221; confirmation_email_from=&#8221;endoe.oesterreich@endoe.at&#8221; confirmation_replyto_address=&#8221;endoe.oesterreich@endoe.at&#8221; use_confirmation_message_richtext=&#8221;on&#8221; confirmation_message_richtext=&#8221;<\/p>\n<p>Liebe\/r %%Vorname%% %%Name%%,<br \/>herzlichen Dank, dass du unsere Endometriose-Patient:innenorganisation unterst\u00fctzt und Mitglied geworden bist. Mit deiner Hilfe tr\u00e4gst du dazu bei, Betroffenen eine Stimme zu geben, Aufkl\u00e4rung zu f\u00f6rdern und gemeinschaftliche Wege zur Bew\u00e4ltigung dieser chronischen Erkrankung zu finden.<\/p>\n<p>Damit wir deine Mitgliedschaft aktivieren k\u00f6nnen, findest du hier unsere Bankverbindung f\u00fcr den Mitgliedsbeitrag.<br \/>Bankverbindung:<br \/>BAWAG<br \/>IBAN: AT521400000910287095<br \/>Verwendungszweck: Mitgliedsbeitrag 2026 \u2013 %%Vorname%% %%Name%%<br \/>Wir freuen uns auch \u00fcber deine separate Spende!<\/p>\n<p>Bitte \u00fcberweise den Mitgliedsbeitrag in H\u00f6he von \u20ac 10,\u2013 ehestm\u00f6glich. Mache gerne auch einen j\u00e4hrlichen Dauerauftrag.<\/p>\n<p>Nochmals vielen Dank f\u00fcr dein Engagement und dein Vertrauen in unseren Verein. Gemeinsam k\u00f6nnen wir viel bewirken!<\/p>\n<p>Falls du Fragen zur Mitgliedschaft hast oder Informationen ben\u00f6tigst, kannst du dich jederzeit gerne an uns wenden. Wir sind dankbar, dich als Teil unserer Gemeinschaft begr\u00fc\u00dfen zu d\u00fcrfen und freuen uns darauf, gemeinsam aktiv zu sein.<\/p>\n<p>Mit herzlichen Gr\u00fc\u00dfen<br \/>das Team von End\u00d6<\/p>\n<p><img src=%22https:\/\/endometriose-oesterreich.at\/wp-content\/uploads\/2024\/12\/EndOe-Visitenkarte-mit-ZVR-300x171.png%22 width=%22300%22 height=%22171%22 alt=%22%22 class=%22wp-image-3708 alignnone size-medium%22 \/><\/p>\n<p>&#8221; success_message_font_size=&#8221;18px&#8221; field_desc_color=&#8221;#000000&#8243; border_color_all=&#8221;#A5B2A6&#8243; global_colors_info=&#8221;{}&#8221; title_text_color__hover_enabled=&#8221;on|desktop&#8221; sticky_enabled=&#8221;0&#8243;][et_pb_contact_field field_id=&#8221;Bestaetigung_Mitgliedschaft&#8221; field_title=&#8221;Confirmation of membership&#8221; field_type=&#8221;checkbox&#8221; checkbox_options=&#8221;%91{%22value%22:%22I support you in the fight against endometriosis with a membership of 10 euros%22,%22checked%22:0,%22dragID%22:-1}%93&#8243; fullwidth_field=&#8221;on&#8221; _builder_version=&#8221;4.27.4&#8243; _module_preset=&#8221;default&#8221; form_field_text_color=&#8221;#000000&#8243; form_field_font=&#8221;|300|||||||&#8221; form_field_font_size=&#8221;16px&#8221; text_orientation=&#8221;left&#8221; custom_css_free_form=&#8221;.et_pb_contact_form_0 .et_pb_contact_field_desc {||  margin-top: 8px;||  margin-left: 15px;||}&#8221; global_colors_info=&#8221;{}&#8221;][\/et_pb_contact_field][et_pb_contact_field field_id=&#8221;Vorname&#8221; field_title=&#8221;First name&#8221; _builder_version=&#8221;4.16&#8243; _module_preset=&#8221;default&#8221; form_field_font=&#8221;Open Sans|600|||||||&#8221; border_width_all=&#8221;1px&#8221; border_color_all=&#8221;#876fb0&#8243; global_colors_info=&#8221;{}&#8221; button_text_size__hover_enabled=&#8221;off&#8221; button_one_text_size__hover_enabled=&#8221;off&#8221; button_two_text_size__hover_enabled=&#8221;off&#8221; button_text_color__hover_enabled=&#8221;off&#8221; button_one_text_color__hover_enabled=&#8221;off&#8221; button_two_text_color__hover_enabled=&#8221;off&#8221; button_border_width__hover_enabled=&#8221;off&#8221; button_one_border_width__hover_enabled=&#8221;off&#8221; button_two_border_width__hover_enabled=&#8221;off&#8221; button_border_color__hover_enabled=&#8221;off&#8221; button_one_border_color__hover_enabled=&#8221;off&#8221; button_two_border_color__hover_enabled=&#8221;off&#8221; button_border_radius__hover_enabled=&#8221;off&#8221; button_one_border_radius__hover_enabled=&#8221;off&#8221; button_two_border_radius__hover_enabled=&#8221;off&#8221; button_letter_spacing__hover_enabled=&#8221;off&#8221; button_one_letter_spacing__hover_enabled=&#8221;off&#8221; button_two_letter_spacing__hover_enabled=&#8221;off&#8221; button_bg_color__hover_enabled=&#8221;off&#8221; button_one_bg_color__hover_enabled=&#8221;off&#8221; button_two_bg_color__hover_enabled=&#8221;off&#8221;][\/et_pb_contact_field][et_pb_contact_field field_id=&#8221;Name&#8221; field_title=&#8221;Name&#8221; _builder_version=&#8221;4.16&#8243; _module_preset=&#8221;default&#8221; form_field_font=&#8221;Open Sans|600|||||||&#8221; border_width_all=&#8221;1px&#8221; border_color_all=&#8221;#876fb0&#8243; global_colors_info=&#8221;{}&#8221; button_text_size__hover_enabled=&#8221;off&#8221; button_one_text_size__hover_enabled=&#8221;off&#8221; button_two_text_size__hover_enabled=&#8221;off&#8221; button_text_color__hover_enabled=&#8221;off&#8221; button_one_text_color__hover_enabled=&#8221;off&#8221; button_two_text_color__hover_enabled=&#8221;off&#8221; button_border_width__hover_enabled=&#8221;off&#8221; button_one_border_width__hover_enabled=&#8221;off&#8221; button_two_border_width__hover_enabled=&#8221;off&#8221; button_border_color__hover_enabled=&#8221;off&#8221; button_one_border_color__hover_enabled=&#8221;off&#8221; button_two_border_color__hover_enabled=&#8221;off&#8221; button_border_radius__hover_enabled=&#8221;off&#8221; button_one_border_radius__hover_enabled=&#8221;off&#8221; button_two_border_radius__hover_enabled=&#8221;off&#8221; button_letter_spacing__hover_enabled=&#8221;off&#8221; button_one_letter_spacing__hover_enabled=&#8221;off&#8221; button_two_letter_spacing__hover_enabled=&#8221;off&#8221; button_bg_color__hover_enabled=&#8221;off&#8221; button_one_bg_color__hover_enabled=&#8221;off&#8221; button_two_bg_color__hover_enabled=&#8221;off&#8221;][\/et_pb_contact_field][et_pb_contact_field field_id=&#8221;Strasse&#8221; field_title=&#8221;Street&#8221; _builder_version=&#8221;4.16&#8243; _module_preset=&#8221;default&#8221; form_field_font=&#8221;Open Sans|600|||||||&#8221; border_width_all=&#8221;1px&#8221; border_color_all=&#8221;#876fb0&#8243; global_colors_info=&#8221;{}&#8221; button_text_size__hover_enabled=&#8221;off&#8221; button_one_text_size__hover_enabled=&#8221;off&#8221; button_two_text_size__hover_enabled=&#8221;off&#8221; button_text_color__hover_enabled=&#8221;off&#8221; button_one_text_color__hover_enabled=&#8221;off&#8221; button_two_text_color__hover_enabled=&#8221;off&#8221; button_border_width__hover_enabled=&#8221;off&#8221; button_one_border_width__hover_enabled=&#8221;off&#8221; button_two_border_width__hover_enabled=&#8221;off&#8221; button_border_color__hover_enabled=&#8221;off&#8221; button_one_border_color__hover_enabled=&#8221;off&#8221; button_two_border_color__hover_enabled=&#8221;off&#8221; button_border_radius__hover_enabled=&#8221;off&#8221; button_one_border_radius__hover_enabled=&#8221;off&#8221; button_two_border_radius__hover_enabled=&#8221;off&#8221; button_letter_spacing__hover_enabled=&#8221;off&#8221; button_one_letter_spacing__hover_enabled=&#8221;off&#8221; button_two_letter_spacing__hover_enabled=&#8221;off&#8221; button_bg_color__hover_enabled=&#8221;off&#8221; button_one_bg_color__hover_enabled=&#8221;off&#8221; button_two_bg_color__hover_enabled=&#8221;off&#8221;][\/et_pb_contact_field][et_pb_contact_field field_id=&#8221;Hausnummer&#8221; field_title=&#8221;House number&#8221; _builder_version=&#8221;4.16&#8243; _module_preset=&#8221;default&#8221; form_field_font=&#8221;Open Sans|600|||||||&#8221; border_width_all=&#8221;1px&#8221; border_color_all=&#8221;#876fb0&#8243; global_colors_info=&#8221;{}&#8221; button_text_size__hover_enabled=&#8221;off&#8221; button_one_text_size__hover_enabled=&#8221;off&#8221; button_two_text_size__hover_enabled=&#8221;off&#8221; button_text_color__hover_enabled=&#8221;off&#8221; button_one_text_color__hover_enabled=&#8221;off&#8221; button_two_text_color__hover_enabled=&#8221;off&#8221; button_border_width__hover_enabled=&#8221;off&#8221; button_one_border_width__hover_enabled=&#8221;off&#8221; button_two_border_width__hover_enabled=&#8221;off&#8221; button_border_color__hover_enabled=&#8221;off&#8221; button_one_border_color__hover_enabled=&#8221;off&#8221; button_two_border_color__hover_enabled=&#8221;off&#8221; button_border_radius__hover_enabled=&#8221;off&#8221; button_one_border_radius__hover_enabled=&#8221;off&#8221; button_two_border_radius__hover_enabled=&#8221;off&#8221; button_letter_spacing__hover_enabled=&#8221;off&#8221; button_one_letter_spacing__hover_enabled=&#8221;off&#8221; button_two_letter_spacing__hover_enabled=&#8221;off&#8221; button_bg_color__hover_enabled=&#8221;off&#8221; button_one_bg_color__hover_enabled=&#8221;off&#8221; button_two_bg_color__hover_enabled=&#8221;off&#8221;][\/et_pb_contact_field][et_pb_contact_field field_id=&#8221;Postleitzahl&#8221; field_title=&#8221;Postcode&#8221; _builder_version=&#8221;4.16&#8243; _module_preset=&#8221;default&#8221; form_field_font=&#8221;Open Sans|600|||||||&#8221; border_width_all=&#8221;1px&#8221; border_color_all=&#8221;#876fb0&#8243; global_colors_info=&#8221;{}&#8221; button_text_size__hover_enabled=&#8221;off&#8221; button_one_text_size__hover_enabled=&#8221;off&#8221; button_two_text_size__hover_enabled=&#8221;off&#8221; button_text_color__hover_enabled=&#8221;off&#8221; button_one_text_color__hover_enabled=&#8221;off&#8221; button_two_text_color__hover_enabled=&#8221;off&#8221; button_border_width__hover_enabled=&#8221;off&#8221; button_one_border_width__hover_enabled=&#8221;off&#8221; button_two_border_width__hover_enabled=&#8221;off&#8221; button_border_color__hover_enabled=&#8221;off&#8221; button_one_border_color__hover_enabled=&#8221;off&#8221; button_two_border_color__hover_enabled=&#8221;off&#8221; button_border_radius__hover_enabled=&#8221;off&#8221; button_one_border_radius__hover_enabled=&#8221;off&#8221; button_two_border_radius__hover_enabled=&#8221;off&#8221; button_letter_spacing__hover_enabled=&#8221;off&#8221; button_one_letter_spacing__hover_enabled=&#8221;off&#8221; button_two_letter_spacing__hover_enabled=&#8221;off&#8221; button_bg_color__hover_enabled=&#8221;off&#8221; button_one_bg_color__hover_enabled=&#8221;off&#8221; button_two_bg_color__hover_enabled=&#8221;off&#8221;][\/et_pb_contact_field][et_pb_contact_field field_id=&#8221;Ort&#8221; field_title=&#8221;City&#8221; _builder_version=&#8221;4.16&#8243; _module_preset=&#8221;default&#8221; form_field_font=&#8221;Open Sans|600|||||||&#8221; border_width_all=&#8221;1px&#8221; border_color_all=&#8221;#876fb0&#8243; global_colors_info=&#8221;{}&#8221; button_text_size__hover_enabled=&#8221;off&#8221; button_one_text_size__hover_enabled=&#8221;off&#8221; button_two_text_size__hover_enabled=&#8221;off&#8221; button_text_color__hover_enabled=&#8221;off&#8221; button_one_text_color__hover_enabled=&#8221;off&#8221; button_two_text_color__hover_enabled=&#8221;off&#8221; button_border_width__hover_enabled=&#8221;off&#8221; button_one_border_width__hover_enabled=&#8221;off&#8221; button_two_border_width__hover_enabled=&#8221;off&#8221; button_border_color__hover_enabled=&#8221;off&#8221; button_one_border_color__hover_enabled=&#8221;off&#8221; button_two_border_color__hover_enabled=&#8221;off&#8221; button_border_radius__hover_enabled=&#8221;off&#8221; button_one_border_radius__hover_enabled=&#8221;off&#8221; button_two_border_radius__hover_enabled=&#8221;off&#8221; button_letter_spacing__hover_enabled=&#8221;off&#8221; button_one_letter_spacing__hover_enabled=&#8221;off&#8221; button_two_letter_spacing__hover_enabled=&#8221;off&#8221; button_bg_color__hover_enabled=&#8221;off&#8221; button_one_bg_color__hover_enabled=&#8221;off&#8221; button_two_bg_color__hover_enabled=&#8221;off&#8221;][\/et_pb_contact_field][et_pb_contact_field field_id=&#8221;Email&#8221; field_title=&#8221;Email Address&#8221; field_type=&#8221;email&#8221; _builder_version=&#8221;4.27.4&#8243; _module_preset=&#8221;default&#8221; form_field_font=&#8221;Open Sans|600|||||||&#8221; border_width_all=&#8221;1px&#8221; border_color_all=&#8221;#876fb0&#8243; global_colors_info=&#8221;{}&#8221; button_text_size__hover_enabled=&#8221;off&#8221; button_one_text_size__hover_enabled=&#8221;off&#8221; button_two_text_size__hover_enabled=&#8221;off&#8221; button_text_color__hover_enabled=&#8221;off&#8221; button_one_text_color__hover_enabled=&#8221;off&#8221; button_two_text_color__hover_enabled=&#8221;off&#8221; button_border_width__hover_enabled=&#8221;off&#8221; button_one_border_width__hover_enabled=&#8221;off&#8221; button_two_border_width__hover_enabled=&#8221;off&#8221; button_border_color__hover_enabled=&#8221;off&#8221; button_one_border_color__hover_enabled=&#8221;off&#8221; button_two_border_color__hover_enabled=&#8221;off&#8221; button_border_radius__hover_enabled=&#8221;off&#8221; button_one_border_radius__hover_enabled=&#8221;off&#8221; button_two_border_radius__hover_enabled=&#8221;off&#8221; button_letter_spacing__hover_enabled=&#8221;off&#8221; button_one_letter_spacing__hover_enabled=&#8221;off&#8221; button_two_letter_spacing__hover_enabled=&#8221;off&#8221; button_bg_color__hover_enabled=&#8221;off&#8221; button_one_bg_color__hover_enabled=&#8221;off&#8221; button_two_bg_color__hover_enabled=&#8221;off&#8221;][\/et_pb_contact_field][et_pb_contact_field field_id=&#8221;Telefon&#8221; field_title=&#8221;Telephone number (optional)&#8221; required_mark=&#8221;off&#8221; _builder_version=&#8221;4.27.4&#8243; _module_preset=&#8221;default&#8221; form_field_font=&#8221;Open Sans|600|||||||&#8221; use_custom_phone_format=&#8221;on&#8221; custom_phone_format=&#8221;+43 xxxxxxxxxxxxxxxxxxxxx&#8221; border_width_all=&#8221;1px&#8221; border_color_all=&#8221;#876fb0&#8243; global_colors_info=&#8221;{}&#8221; button_text_size__hover_enabled=&#8221;off&#8221; button_one_text_size__hover_enabled=&#8221;off&#8221; button_two_text_size__hover_enabled=&#8221;off&#8221; button_text_color__hover_enabled=&#8221;off&#8221; button_one_text_color__hover_enabled=&#8221;off&#8221; button_two_text_color__hover_enabled=&#8221;off&#8221; button_border_width__hover_enabled=&#8221;off&#8221; button_one_border_width__hover_enabled=&#8221;off&#8221; button_two_border_width__hover_enabled=&#8221;off&#8221; button_border_color__hover_enabled=&#8221;off&#8221; button_one_border_color__hover_enabled=&#8221;off&#8221; button_two_border_color__hover_enabled=&#8221;off&#8221; button_border_radius__hover_enabled=&#8221;off&#8221; button_one_border_radius__hover_enabled=&#8221;off&#8221; button_two_border_radius__hover_enabled=&#8221;off&#8221; button_letter_spacing__hover_enabled=&#8221;off&#8221; button_one_letter_spacing__hover_enabled=&#8221;off&#8221; button_two_letter_spacing__hover_enabled=&#8221;off&#8221; button_bg_color__hover_enabled=&#8221;off&#8221; button_one_bg_color__hover_enabled=&#8221;off&#8221; button_two_bg_color__hover_enabled=&#8221;off&#8221;][\/et_pb_contact_field][et_pb_contact_field field_id=&#8221;mitarbeit&#8221; field_title=&#8221;You are interested in&#8221; field_type=&#8221;radio&#8221; radio_options=&#8221;%91{%22value%22:%22merely information, e.g. through lectures and workshops, etc.%22,%22checked%22:0,%22dragID%22:-1},{%22value%22:%22I would like to get involved in, for example, organisational matters, events, the website, etc.%22,%22checked%22:0,%22dragID%22:0},{%22value%22:%22Exchange and conversation%22,%22checked%22:0,%22dragID%22:1},{%22value%22:%22Other%22,%22checked%22:0,%22dragID%22:2}%93&#8243; required_mark=&#8221;off&#8221; fullwidth_field=&#8221;on&#8221; _builder_version=&#8221;4.27.4&#8243; _module_preset=&#8221;default&#8221; form_field_text_color=&#8221;#000000&#8243; form_field_font=&#8221;|300|||||||&#8221; form_field_text_align=&#8221;left&#8221; form_field_font_size=&#8221;16px&#8221; radio_columns=&#8221;2&#8243; global_colors_info=&#8221;{}&#8221; radio_columns_last_edited=&#8221;on|desktop&#8221; radio_columns_phone=&#8221;1&#8243; radio_columns_tablet=&#8221;2&#8243;][\/et_pb_contact_field][et_pb_contact_field field_id=&#8221;mitwirkungswille&#8221; field_title=&#8221;What else are you interested in ?&#8221; field_type=&#8221;text&#8221; required_mark=&#8221;off&#8221; fullwidth_field=&#8221;on&#8221; conditional_logic=&#8221;on&#8221; conditional_logic_rules=&#8221;%91{%22field%22:%22mitarbeit%22,%22condition%22:%22is%22,%22value%22:%22sonstiges%22}%93&#8243; _builder_version=&#8221;4.27.4&#8243; _module_preset=&#8221;default&#8221; form_field_background_color=&#8221;#FFFFFF&#8221; form_field_text_color=&#8221;#000000&#8243; form_field_text_align=&#8221;left&#8221; form_field_font_size=&#8221;16px&#8221; form_field_line_height=&#8221;1.2em&#8221; text_orientation=&#8221;left&#8221; use_field_label=&#8221;on&#8221; field_placeholder=&#8221;Was interessiert dich sonst?&#8221; border_radii=&#8221;on|6px|6px|6px|6px&#8221; border_width_all=&#8221;1px&#8221; global_colors_info=&#8221;{}&#8221;][\/et_pb_contact_field][et_pb_contact_field field_id=&#8221;Datenschutzbestaetigung&#8221; field_title=&#8221;Privacy Policy&#8221; field_type=&#8221;radio&#8221; radio_options=&#8221;%91{%22value%22:%22I agree that my data that my data in accordance with the GDPR will be stored and I regularly receive information from END\u00d6 . %22,%22checked%22:0,%22dragID%22:-1}%93&#8243; fullwidth_field=&#8221;on&#8221; _builder_version=&#8221;4.27.4&#8243; _module_preset=&#8221;default&#8221; form_field_text_color=&#8221;#000000&#8243; form_field_font=&#8221;|300|||||||&#8221; form_field_font_size=&#8221;16px&#8221; form_field_text_align_tablet=&#8221;&#8221; form_field_text_align_phone=&#8221;&#8221; form_field_text_align_last_edited=&#8221;on|phone&#8221; text_orientation_tablet=&#8221;&#8221; text_orientation_phone=&#8221;&#8221; text_orientation_last_edited=&#8221;on|tablet&#8221; global_colors_info=&#8221;{}&#8221;][\/et_pb_contact_field][\/et_pb_contact_form][\/et_pb_column][\/et_pb_row][\/et_pb_section]<\/p>\n","protected":false},"excerpt":{"rendered":"<p>How YOU can support Welcome to End\u00d6 and to this page. You are here because you don&#8217;t just want to be &#8220;affected&#8221;, you want to actively contribute to change! As [&hellip;]<\/p>\n","protected":false},"author":2,"featured_media":0,"parent":8404,"menu_order":4,"comment_status":"closed","ping_status":"closed","template":"","meta":{"_et_pb_use_builder":"on","_et_pb_old_content":"","_et_gb_content_width":"","_price":"","_stock":"","_tribe_ticket_header":"","_tribe_default_ticket_provider":"","_tribe_ticket_capacity":"0","_ticket_start_date":"","_ticket_end_date":"","_tribe_ticket_show_description":"","_tribe_ticket_show_not_going":false,"_tribe_ticket_use_global_stock":"","_tribe_ticket_global_stock_level":"","_global_stock_mode":"","_global_stock_cap":"","_tribe_rsvp_for_event":"","_tribe_ticket_going_count":"","_tribe_ticket_not_going_count":"","_tribe_tickets_list":"[]","_tribe_ticket_has_attendee_info_fields":false,"footnotes":"","_tec_slr_enabled":"","_tec_slr_layout":""},"class_list":["post-8427","page","type-page","status-publish","hentry"],"ticketed":false,"_links":{"self":[{"href":"https:\/\/endometriose-oesterreich.at\/en\/wp-json\/wp\/v2\/pages\/8427","targetHints":{"allow":["GET"]}}],"collection":[{"href":"https:\/\/endometriose-oesterreich.at\/en\/wp-json\/wp\/v2\/pages"}],"about":[{"href":"https:\/\/endometriose-oesterreich.at\/en\/wp-json\/wp\/v2\/types\/page"}],"author":[{"embeddable":true,"href":"https:\/\/endometriose-oesterreich.at\/en\/wp-json\/wp\/v2\/users\/2"}],"replies":[{"embeddable":true,"href":"https:\/\/endometriose-oesterreich.at\/en\/wp-json\/wp\/v2\/comments?post=8427"}],"version-history":[{"count":2,"href":"https:\/\/endometriose-oesterreich.at\/en\/wp-json\/wp\/v2\/pages\/8427\/revisions"}],"predecessor-version":[{"id":8429,"href":"https:\/\/endometriose-oesterreich.at\/en\/wp-json\/wp\/v2\/pages\/8427\/revisions\/8429"}],"up":[{"embeddable":true,"href":"https:\/\/endometriose-oesterreich.at\/en\/wp-json\/wp\/v2\/pages\/8404"}],"wp:attachment":[{"href":"https:\/\/endometriose-oesterreich.at\/en\/wp-json\/wp\/v2\/media?parent=8427"}],"curies":[{"name":"wp","href":"https:\/\/api.w.org\/{rel}","templated":true}]}}