{"id":8347,"date":"2025-06-12T10:48:40","date_gmt":"2025-06-12T08:48:40","guid":{"rendered":"https:\/\/endometriose-oesterreich.at\/endoe-congress-21-march-2026\/"},"modified":"2026-04-22T11:17:54","modified_gmt":"2026-04-22T09:17:54","slug":"endoe-congress-21-march-2026","status":"publish","type":"page","link":"https:\/\/endometriose-oesterreich.at\/en\/endoe-congress-21-march-2026\/","title":{"rendered":"End\u00d6 Congress 21 March 2026"},"content":{"rendered":"<p>[et_pb_section fb_built=&#8221;1&#8243; _builder_version=&#8221;4.19.0&#8243; _module_preset=&#8221;default&#8221; da_disable_devices=&#8221;off|off|off&#8221; global_colors_info=&#8221;{}&#8221; da_is_popup=&#8221;off&#8221; da_exit_intent=&#8221;off&#8221; da_has_close=&#8221;on&#8221; da_alt_close=&#8221;off&#8221; da_dark_close=&#8221;off&#8221; da_not_modal=&#8221;on&#8221; da_is_singular=&#8221;off&#8221; da_with_loader=&#8221;off&#8221; da_has_shadow=&#8221;on&#8221;][et_pb_row _builder_version=&#8221;4.19.0&#8243; _module_preset=&#8221;default&#8221; global_colors_info=&#8221;{}&#8221;][et_pb_column type=&#8221;4_4&#8243; _builder_version=&#8221;4.19.0&#8243; _module_preset=&#8221;default&#8221; global_colors_info=&#8221;{}&#8221;][et_pb_text admin_label=&#8221;Kongress \u00dcberschrift&#8221; _builder_version=&#8221;4.27.4&#8243; _module_preset=&#8221;default&#8221; header_font=&#8221;|&#8211;et_global_heading_font_weight|||||||&#8221; header_text_color=&#8221;#000000&#8243; min_height=&#8221;30px&#8221; global_colors_info=&#8221;{}&#8221;]<\/p>\n<h1>End\u00d6 &#8211; that was our free endometriosis conference on 21 March 2026 &#8211; we are looking forward to next year! Save the Date &#8230; 6 and 13 March 2027 <\/h1>\n<p>&nbsp;<\/p>\n<p>[\/et_pb_text][et_pb_text admin_label=&#8221;Infos&#8221; _builder_version=&#8221;4.27.4&#8243; _module_preset=&#8221;default&#8221; width=&#8221;100%&#8221; custom_margin=&#8221;||15px||false|false&#8221; custom_padding=&#8221;||0px||false|false&#8221; global_colors_info=&#8221;{}&#8221;]<\/p>\n<p>However diverse the ways in which those affected are impacted by pain or other symptoms in their daily lives may be a9&gt; are, so wide-ranging is the programme of the congress together. a17&gt; Congress comprises. Registration for 2027 will soon be available, we will keep you informed here, in the newsletter and on social media.  <\/p>\n<p>Verschiedene Therapieans\u00e4tze sowie neue Forschungsergebnisse und Erkenntnisse werden vorgestellt, sodass die Teilnehmer:innen einen umfassenden Einblick in diese Erkrankung und neues Wissen gewinnen k\u00f6nnen.<\/p>\n<p>Please note: There is a limited number of places available.<\/p>\n<p>We are looking forward to an informative day with you all!<\/p>\n<p>Our events not only provide access to important information, but also support and community. These resources help you get better informed, understand symptoms, and find the best possible treatment.<br \/>By connecting with other people affected and with experts, you can gain new perspectives and improve your quality of life. Every contribution is valuable! You have the opportunity to ask some questions.<\/p>\n<p>Die Inhalte sowie Meinungen dieses sowie grunds\u00e4tzlich alle Inhalte und Meinungen unserer Vortragenden entsprechen nicht automatisch der Meinung von End\u00d6.<\/p>\n<p>Furthermore do not replace any medical or psychological advice, diagnosis or treatment.<\/p>\n<p>All content is intended to provide knowledge. Die Umsetzung der gegebenen Empfehlungen sollte immer mit qualifizierten \u00c4rzt:in, Psycholog:in und\/oder anderen fachkundigen Therapeut:innen weiter besprochen und betreut werden. Following them is at your own responsibility.<\/p>\n<p>The programme is available for download and distribution <a href=\"https:\/\/endometriose-oesterreich.at\/wp-content\/uploads\/2025\/06\/Programm-EndOe-Kongress-2025.png\">here !<\/a><\/p>\n<p>[\/et_pb_text][et_pb_contact_form captcha=&#8221;off&#8221; email=&#8221;endo.oesterreich@endoe.at&#8221; title=&#8221;I am registering myself officially for the conference&#8221; custom_message=&#8221;Hello Michaela,||et_pb_line_break_holder||||et_pb_line_break_holder||Here is a registration form for the conference||et_pb_line_break_holder||||et_pb_line_break_holder||%%Name%% ||et_pb_line_break_holder||%%Email%%||et_pb_line_break_holder||%%Zoom name%%||et_pb_line_break_holder||||et_pb_line_break_holder||%%Which applies to you%%||et_pb_line_break_holder||%%Other%% ||et_pb_line_break_holder||||et_pb_line_break_holder||%%Confirmation%%||et_pb_line_break_holder||||et_pb_line_break_holder||Your website wishes you a wonderful day||et_pb_line_break_holder||||et_pb_line_break_holder||&#8221; success_message=&#8221;&lt;h2&gt;&lt;span style=&quot;%22color:&quot;&gt;&lt;span style=&quot;%22color:&quot;&gt;%%Name%%, congratulations, your registration was successful.&lt;\/span&gt; &lt;\/span&gt;&lt;\/h2&gt;<br \/>\n&lt;p&gt;Du solltest in den n\u00e4chsten 30 Minuten eine Mail mit den Details erhalten. &lt;strong&gt;If you don&#039;t receive an email, please check your spam folder. &lt;\/strong&gt;&lt;strong&gt;If you haven&#039;t received an email at all, then please contact us.&lt;\/strong&gt;&lt;\/p&gt;<br \/>\n&lt;p&gt;We are looking forward to seeing you&lt;\/p&gt;<br \/>\n&lt;p&gt;&lt;img src=&quot;%22https:\/\/endometriose-oesterreich.at\/wp-content\/uploads\/2024\/12\/EndOe-Visitenkarte-mit-ZVR-300&#215;171.png%22&quot; width=&quot;%22300%22&quot; height=&quot;%22171%22&quot; alt=&quot;%22%22&quot; class=&quot;%22wp-image-3708&quot; alignnone=&quot;&quot; size-medium=&quot;&quot;&gt;&lt;\/p&gt;&#8221; submit_button_text=&#8221;Register for the conference here&#8221; disabled_on=&#8221;on|on|on&#8221; admin_label=&#8221;Anmeldung Kongress 25&#8243; _builder_version=&#8221;4.27.6&#8243; _module_preset=&#8221;default&#8221; _unique_id=&#8221;e54f3b64-5c3b-4065-8917-8931c87fa0289 &#8211; Kongress 2025&#8243; form_field_background_color=&#8221;#C0C8C4&#8243; form_field_text_color=&#8221;#FFFFFF&#8221; form_field_focus_text_color=&#8221;#556656&#8243; form_field_custom_padding=&#8221;20px||20px|30px|true|false&#8221; form_field_font=&#8221;|700|||||||&#8221; form_field_font_size=&#8221;16px&#8221; custom_button=&#8221;on&#8221; button_text_color=&#8221;#FFFFFF&#8221; button_bg_color=&#8221;#869586&#8243; button_border_color=&#8221;#9FACA3&#8243; button_border_radius=&#8221;10px&#8221; button_font=&#8221;|600|||||||&#8221; button_use_icon=&#8221;off&#8221; width=&#8221;80%&#8221; display_conditions=&#8221;W3siaWQiOiJmMWIwMDUzZi1lYjEzLTQ2OWEtYTZhOC05NjJhYTExNDMwMTkiLCJjb25kaXRpb24iOiJkYXRlVGltZSIsImNvbmRpdGlvblNldHRpbmdzIjp7ImRpc3BsYXlSdWxlIjoiaXNCZWZvcmUiLCJkYXRlIjoiMjAyNi0wMy0yMSIsInRpbWUiOiIwMDowMCIsIndlZWtkYXlzIjoifCIsImFsbERheSI6Im9uIiwiZnJvbVRpbWUiOiIwMDowMCIsInVudGlsVGltZSI6IjAwOjAwIiwicmVwZWF0Ijoib2ZmIiwicmVwZWF0RnJlcXVlbmN5IjoibW9udGhseSIsInJlcGVhdEZyZXF1ZW5jeVNwZWNpZmljRGF5cyI6IndlZWtseSIsInJlcGVhdEVuZCI6Im5ldmVyIiwicmVwZWF0VW50aWxEYXRlIjoiMjAyNC0xLTI4IiwicmVwZWF0VGltZXMiOiIzIiwiYWRtaW5MYWJlbCI6IkZvcm11bGFyYW56ZWlnZW4iLCJlbmFibGVDb25kaXRpb24iOiJvbiJ9LCJvcGVyYXRvciI6Ik9SIn1d&#8221; custom_margin=&#8221;0px||-1px||false|false&#8221; custom_padding=&#8221;0px|20px|25px|20px|false|true&#8221; custom_css_contact_button=&#8221;margin-top:35px;&#8221; admin_email_subject=&#8221;Michaela hier ist eine anmeldung zum Kongress&#8221; admin_email_from_name=&#8221;Anmeldung Kongress&#8221; admin_email_cc=&#8221;endo.oesterreich@endoe.at&#8221; admin_email_bcc=&#8221;preiner@me.com&#8221; save_files_to_db=&#8221;off&#8221; use_confirmation_email=&#8221;on&#8221; confirmation_email_field_id=&#8221;Email&#8221; confirmation_email_subject=&#8221;%%Name%%, hier einige Details zu deiner Anmeldung zum End\u00d6 Endometriose Kongress.&#8221; confirmation_email_from_name=&#8221;Endometriose \u00d6sterreich&#8221; confirmation_email_from=&#8221;endo.oesterreich@endoe.at&#8221; use_confirmation_message_richtext=&#8221;on&#8221; confirmation_message_richtext=&#8221;<\/p>\n<p>Hallo %%Name%%!<br \/>Wir freuen uns, dass du dich f\u00fcr unseren kostenlosen Endometriose \u00d6sterreich (End\u00d6)-Kongress online via ZOOM am <strong>21.03.2026 <\/strong>angemeldet hast.<\/p>\n<p>Vorab einige Infos:<\/p>\n<ul>\n<li>Du erh\u00e4ltst ein paar Tage vor dem Kongress eine <strong>weitere E-Mail<\/strong> mit abschlie\u00dfenden Informationen sowie den ZOOM-Link (bitte pr\u00fcfe auch deinen Spam-Ordner). Solltest du sp\u00e4testens am Tag davor keine E-Mail erhalten haben, dann melde dich bitte bei uns! <<\/li>\n<li>Nach jedem Vortrag besteht die M\u00f6glichkeit dein<strong> zum Vortragsthema passende Frage<\/strong> zu stellen. Bitte verwende hierzu den Aktionsbutton \u201eDie Hand heben\u201c, sodass ersichtlich ist, dass du eine Frage hast. Nachrangig behandelt werden die Fragen \u00fcber den Chat. Bitte beachte, dass tiefergehende Fragen, die deine pers\u00f6nliche Krankengeschichte betreffen, aus Zeitgr\u00fcnden nicht in diesem Rahmen besprochen werden k\u00f6nnen.<\/li>\n<li>Vereinzelt stellen uns die Referent:innen ihre Pr\u00e4sentationen bzw. Unterlagen f\u00fcr die Teilnehmer:innen zur Verf\u00fcgung, die wir im Anschluss an den Kongress gesammelt per E-Mail aussenden.<\/li>\n<li>Wir k\u00f6nnen <strong>keine<\/strong> Teilnahmebest\u00e4tigung ausstellen.<\/li>\n<li>Auf vielfachen Wunsch arbeiten wir gerade daran, die Vortr\u00e4ge aufzeichnen zu k\u00f6nnen. Wenn dies umsetzbar ist, dann wird zu Beginn der Aufzeichnung automatisch ein Hinweisfenster eingeblendet, in dem du der Aufzeichnung aktiv zustimmen kannst \u2013 Ohne deine Zustimmung erfolgt keine Teilnahme an der Aufzeichnung. Du kannst zus\u00e4tzlich mit einem Synonym beitreten.<\/li>\n<\/ul>\n<p>Bei Fragen kannst du dich gerne an uns wenden:<a href=%22mailto:endo.oesterreich@endoe.at%22><strong>endo.oesterreich@endoe.at<\/strong><\/a><\/p>\n<\/p>\n<p>Alles Liebe,<\/p>\n<p>dein End\u00d6-Team<\/p>\n<p>End\u00d6 &#8211; Endometriose \u00d6sterreich<\/p>\n<p><img src=%22https:\/\/endometriose-oesterreich.at\/wp-content\/uploads\/2024\/12\/EndOe-Visitenkarte-mit-ZVR-300x171.png%22 width=%22300%22 height=%22171%22 alt=%22%22 class=%22wp-image-3708 alignnone size-medium%22 \/><\/p>\n<p>Facebook: End\u00d6 &#8211; Endometriose \u00d6sterreich<br \/>Instagram: endo.oesterreich<\/p>\n<p>&#8221; input_focus_border_width=&#8221;0px&#8221; use_honeypot=&#8221;on&#8221; box_shadow_style_button=&#8221;preset2&#8243; box_shadow_blur_button=&#8221;20px&#8221; box_shadow_spread_button=&#8221;3px&#8221; disabled=&#8221;on&#8221; locked=&#8221;off&#8221; global_colors_info=&#8221;{}&#8221;][et_pb_contact_field field_id=&#8221;Name&#8221; field_title=&#8221;Name&#8221; _builder_version=&#8221;4.19.4&#8243; use_field_label=&#8221;on&#8221; global_colors_info=&#8221;{}&#8221; button_text_size__hover_enabled=&#8221;off&#8221; button_one_text_size__hover_enabled=&#8221;off&#8221; button_two_text_size__hover_enabled=&#8221;off&#8221; button_text_color__hover_enabled=&#8221;off&#8221; button_one_text_color__hover_enabled=&#8221;off&#8221; button_two_text_color__hover_enabled=&#8221;off&#8221; button_border_width__hover_enabled=&#8221;off&#8221; button_one_border_width__hover_enabled=&#8221;off&#8221; button_two_border_width__hover_enabled=&#8221;off&#8221; button_border_color__hover_enabled=&#8221;off&#8221; button_one_border_color__hover_enabled=&#8221;off&#8221; button_two_border_color__hover_enabled=&#8221;off&#8221; button_border_radius__hover_enabled=&#8221;off&#8221; button_one_border_radius__hover_enabled=&#8221;off&#8221; button_two_border_radius__hover_enabled=&#8221;off&#8221; button_letter_spacing__hover_enabled=&#8221;off&#8221; button_one_letter_spacing__hover_enabled=&#8221;off&#8221; button_two_letter_spacing__hover_enabled=&#8221;off&#8221; button_bg_color__hover_enabled=&#8221;off&#8221; button_one_bg_color__hover_enabled=&#8221;off&#8221; button_two_bg_color__hover_enabled=&#8221;off&#8221;][\/et_pb_contact_field][et_pb_contact_field field_id=&#8221;Email&#8221; field_title=&#8221;Email address&#8221; field_type=&#8221;email&#8221; _builder_version=&#8221;4.24.0&#8243; use_field_label=&#8221;on&#8221; global_colors_info=&#8221;{}&#8221; button_text_size__hover_enabled=&#8221;off&#8221; button_one_text_size__hover_enabled=&#8221;off&#8221; button_two_text_size__hover_enabled=&#8221;off&#8221; button_text_color__hover_enabled=&#8221;off&#8221; button_one_text_color__hover_enabled=&#8221;off&#8221; button_two_text_color__hover_enabled=&#8221;off&#8221; button_border_width__hover_enabled=&#8221;off&#8221; button_one_border_width__hover_enabled=&#8221;off&#8221; button_two_border_width__hover_enabled=&#8221;off&#8221; button_border_color__hover_enabled=&#8221;off&#8221; button_one_border_color__hover_enabled=&#8221;off&#8221; button_two_border_color__hover_enabled=&#8221;off&#8221; button_border_radius__hover_enabled=&#8221;off&#8221; button_one_border_radius__hover_enabled=&#8221;off&#8221; button_two_border_radius__hover_enabled=&#8221;off&#8221; button_letter_spacing__hover_enabled=&#8221;off&#8221; button_one_letter_spacing__hover_enabled=&#8221;off&#8221; button_two_letter_spacing__hover_enabled=&#8221;off&#8221; button_bg_color__hover_enabled=&#8221;off&#8221; button_one_bg_color__hover_enabled=&#8221;off&#8221; button_two_bg_color__hover_enabled=&#8221;off&#8221;][\/et_pb_contact_field][et_pb_contact_field field_id=&#8221;Was_trifft_auf_dich_zu&#8221; field_title=&#8221;As for you speaking&#8221; field_type=&#8221;select&#8221; select_options=&#8221;%91{%22value%22:%22affected%22,%22checked%22:0,%22dragID%22:-1},{%22value%22:%22medical staff%22,%22checked%22:0,%22dragID%22:0},{%22value%22:%22relative%22,%22checked%22:0,%22dragID%22:1},{%22value%22:%22interested%22,%22checked%22:0,%22dragID%22:2},{%22value%22:%22Other%22,%22checked%22:0,%22dragID%22:3}%93&#8243; fullwidth_field=&#8221;on&#8221; _builder_version=&#8221;4.27.0&#8243; _module_preset=&#8221;default&#8221; global_colors_info=&#8221;{}&#8221;][\/et_pb_contact_field][et_pb_contact_field field_id=&#8221;sonstiges&#8221; field_title=&#8221;Describe briefly your connection to endometriosis&#8221; fullwidth_field=&#8221;on&#8221; conditional_logic=&#8221;on&#8221; conditional_logic_rules=&#8221;%91{%22field%22:%22was_trifft_auf_dich_zu%22,%22condition%22:%22is%22,%22value%22:%22sonstiges%22}%93&#8243; _builder_version=&#8221;4.27.0&#8243; _module_preset=&#8221;default&#8221; use_field_label=&#8221;on&#8221; global_colors_info=&#8221;{}&#8221;][\/et_pb_contact_field][et_pb_contact_field field_id=&#8221;Bestaetigung&#8221; field_title=&#8221;Confirmation&#8221; field_type=&#8221;checkbox&#8221; checkbox_options=&#8221;%91{%22value%22:%22I agree to this, that during the course of this event photographs and%92\/or videos of the participants will be taken and these may be stored and published . This image material is used by us exclusively for purposes of public relations. It cannot despite all technical precautions be ruled out that, that third parties may reuse the photos and%92\/or videos or pass them on to other parties.  %22,%22checked%22:0,%22dragID%22:-1}%93&#8243; fullwidth_field=&#8221;on&#8221; _builder_version=&#8221;4.27.0&#8243; _module_preset=&#8221;default&#8221; form_field_text_color=&#8221;#000000&#8243; form_field_focus_text_color=&#8221;#000000&#8243; form_field_line_height=&#8221;1.35em&#8221; use_field_icon=&#8221;on&#8221; field_icon=&#8221;&#x5a;||divi||400&#8243; field_icon_color=&#8221;#B3A394&#8243; global_colors_info=&#8221;{}&#8221;][\/et_pb_contact_field][\/et_pb_contact_form][et_pb_text admin_label=&#8221;Text&#8221; _builder_version=&#8221;4.27.5&#8243; _module_preset=&#8221;default&#8221; header_4_text_align=&#8221;center&#8221; display_conditions=&#8221;W3siaWQiOiJlYTc2ZWE2Yy1mZTFmLTQ3YzQtYjllOS1jN2VmMzliMTc1OTMiLCJjb25kaXRpb24iOiJkYXRlVGltZSIsImNvbmRpdGlvblNldHRpbmdzIjp7ImRpc3BsYXlSdWxlIjoiaXNBZnRlciIsImRhdGUiOiIyMDI1LTMtNyIsInRpbWUiOiIyMzo1OSIsIndlZWtkYXlzIjoifCIsImFsbERheSI6Im9uIiwiZnJvbVRpbWUiOiIwMDowMCIsInVudGlsVGltZSI6IjAwOjAwIiwicmVwZWF0Ijoib2ZmIiwicmVwZWF0RnJlcXVlbmN5IjoibW9udGhseSIsInJlcGVhdEZyZXF1ZW5jeVNwZWNpZmljRGF5cyI6IndlZWtseSIsInJlcGVhdEVuZCI6Im5ldmVyIiwicmVwZWF0VW50aWxEYXRlIjoiMjAyNS0zLTciLCJyZXBlYXRUaW1lcyI6IjMiLCJhZG1pbkxhYmVsIjoiQW5tZWxkZWZyaXN0IHZvcmJlaSIsImVuYWJsZUNvbmRpdGlvbiI6Im9uIn0sIm9wZXJhdG9yIjoiT1IifV0=&#8221; global_colors_info=&#8221;{}&#8221;]<\/p>\n<p>&nbsp;<\/p>\n<table class=\"congress\">\n<thead>\n<tr>\n<th>Uhrzeit<\/th>\n<th>Thema<\/th>\n<th colspan=\"2\">Referent:in<\/th>\n<\/tr>\n<\/thead>\n<tbody>\n<tr>\n<td>08:00<\/td>\n<td class=\"theme\">Welcome<\/td>\n<td><img loading=\"lazy\" decoding=\"async\" class=\"wp-image-5188 alignnone\" title=\"\" src=\"https:\/\/endometriose-oesterreich.at\/wp-content\/uploads\/2025\/06\/logo.png\" alt=\"End\u00d6 Endometriose \u00d6sterreich\" width=\"295\" height=\"300\"><\/td>\n<td><strong>End\u00d6<\/strong><\/td>\n<\/tr>\n<tr>\n<td>08:15<\/td>\n<td class=\"theme\">Endometriosis General: what is endometriosis, effects, forms, causes<\/td>\n<td><img loading=\"lazy\" decoding=\"async\" src=\"https:\/\/endometriose-oesterreich.at\/wp-content\/uploads\/2025\/07\/Dr.-Astrid-Sautner-1-214x300.jpg\" width=\"214\" height=\"300\" alt=\"\" class=\"wp-image-5536 alignnone size-medium\"><\/td>\n<td>\n<p><strong>Dr Astrid Sautner<\/strong><br \/>Specialist in gynaecology and obstetrics<\/p>\n<p><em>Foto: Privat<\/em><\/p>\n<\/td>\n<\/tr>\n<tr>\n<td>09:15<\/td>\n<td class=\"theme\">Endometriose verstehen: Mehr als nur vier Stadien \u2013 warum genaue Diagnostik so wichtig ist!<\/td>\n<td><img loading=\"lazy\" decoding=\"async\" src=\"https:\/\/endometriose-oesterreich.at\/wp-content\/uploads\/2025\/07\/Joerg-Keckstein-239x300.jpg\" width=\"239\" height=\"300\" alt=\"\" class=\"wp-image-5455 alignnone size-medium\"><\/td>\n<td>\n<p><strong><b>Prof. Dr. J\u00f6rg Keckstein<\/b><\/strong><br \/><span>Specialist in gynaecology and obstetrics<\/span><\/p>\n<ul>\n<li>APL Professor at the University of Ulm<\/li>\n<li>Chairman SIG (Special Intrest Group) Endometriosis ESGE<\/li>\n<li>Specialist Obstetrics and Perinatal medicine<\/li>\n<li>Specialist surgical gynaecology, Gynaecological endocrinology and reproductive medicine\n<p><em>Photo: J\u00f6rg Keckstein<\/em><\/li>\n<\/ul>\n<\/td>\n<\/tr>\n<tr class=\"break\">\n<td>10:15 <\/td>\n<td class=\"theme\" colspan=\"3\">Break<\/td>\n<\/tr>\n<tr>\n<td>10:45<\/td>\n<td class=\"theme\">Mikrobiota im Fokus: Der Einfluss der Darmgesundheit auf Endometriose<\/td>\n<td><img loading=\"lazy\" decoding=\"async\" src=\"https:\/\/endometriose-oesterreich.at\/wp-content\/uploads\/2025\/06\/Eberharter-Petra-225x300.jpg\" width=\"225\" height=\"300\" alt=\"\" class=\"wp-image-5289 alignnone size-medium\"><\/td>\n<td>\n<p><strong>Petra Handorfer, BSc MSc nutr. med.<\/strong><br \/>Dietitian &amp; TEH*-practitioner (Holistic gut health, SIBO\/IMO, plant-based nutrition etc.)<\/p>\n<p><em>Photo: Dietetics Eberharter<\/em><\/p>\n<\/td>\n<\/tr>\n<tr>\n<td>11:45<\/td>\n<td class=\"theme\">Current status of research<\/td>\n<td><img loading=\"lazy\" decoding=\"async\" src=\"https:\/\/endometriose-oesterreich.at\/wp-content\/uploads\/2026\/02\/Jens_webseitenbilder_07-300x200.jpg\" width=\"300\" height=\"200\" alt=\"\" class=\"wp-image-7242 alignnone size-medium\"><\/td>\n<td><strong>OA Dr Jens Kumposcht<\/strong><br \/>Specialist in gynaecology and obstetrics<\/td>\n<\/tr>\n<tr class=\"break\">\n<td>12:45<\/td>\n<td class=\"theme\" colspan=\"3\">Lunch break<\/td>\n<\/tr>\n<tr>\n<td>13:45<\/td>\n<td class=\"theme\">Fertility in endometriosis: What those affected need to know should know<\/td>\n<td><img loading=\"lazy\" decoding=\"async\" class=\"wp-image-5287 alignnone size-medium\" src=\"https:\/\/endometriose-oesterreich.at\/wp-content\/uploads\/2025\/06\/Dr.-Thomas-Duscha-200x300.jpg\" alt=\"Dr Thomas Duscha\" width=\"200\" height=\"300\"><\/td>\n<td>\n<p><strong>Dr Thomas Duscha<\/strong><br \/>Specialist in gynaecology and obstetrics, Head of the IVY Centre for fertility treatment<\/p>\n<p><em>Photo: Nicole Michlmayr<\/em><\/p>\n<\/td>\n<\/tr>\n<tr>\n<td>14:45<\/td>\n<td class=\"theme\">Endometriosis: A condition with many treatment options<\/td>\n<td><img loading=\"lazy\" decoding=\"async\" class=\"wp-image-5286 alignnone size-full\" src=\"https:\/\/endometriose-oesterreich.at\/wp-content\/uploads\/2025\/06\/Dr.-Sara-Dunja-Pempelfort.webp\" alt=\"Dr. Sara Dunja Pempelfort\" width=\"250\" height=\"250\" srcset=\"https:\/\/endometriose-oesterreich.at\/wp-content\/uploads\/2025\/06\/Dr.-Sara-Dunja-Pempelfort.webp 250w, https:\/\/endometriose-oesterreich.at\/wp-content\/uploads\/2025\/06\/Dr.-Sara-Dunja-Pempelfort-150x150.webp 150w\" sizes=\"(max-width: 250px) 100vw, 250px\" \/><\/td>\n<td>\n<p><strong>Dr Sara Dunja Pempelfort<\/strong><br \/>Specialist in gynaecology and obstetrics<\/p>\n<ul>\n<li>Senior Consultant at the Ottakring Clinic<\/li>\n<li>Co Head of the Endometriosis Centre at the Ottakring Clinic<\/li>\n<li>Consultant at various Viennese private hospitals<\/li>\n<\/ul>\n<p><em>Photo: Private<\/em><\/p>\n<\/td>\n<\/tr>\n<tr>\n<td>15:45<\/td>\n<td class=\"theme\">Endometriosis and mental health \u2013 self-care in everyday life<\/td>\n<td><img loading=\"lazy\" decoding=\"async\" class=\"wp-image-5290 alignnone size-medium\" src=\"https:\/\/endometriose-oesterreich.at\/wp-content\/uploads\/2025\/06\/Foto-Nina-Reiter-300x200.jpeg\" alt=\"Nina Reiter\" width=\"300\" height=\"200\"><\/td>\n<td>\n<p><strong>Nina Reiter<\/strong><br \/>Psychologist<br \/>Systemic Therapist<\/p>\n<p><em>Photo: Aiko Czet\u00f6<\/em><\/p>\n<\/td>\n<\/tr>\n<tr class=\"break\">\n<td>16:45<\/td>\n<td class=\"theme\" colspan=\"3\">Break<\/td>\n<\/tr>\n<tr>\n<td>17:15<\/td>\n<td class=\"theme\">Press the pause button. Recharge your batteries. With a plan, get back to your daily routine.  <\/td>\n<td><img loading=\"lazy\" decoding=\"async\" class=\"wp-image-5288 alignnone size-medium\" src=\"https:\/\/endometriose-oesterreich.at\/wp-content\/uploads\/2025\/06\/Dr._Lehner_Nadja-200x300.jpg\" alt=\"Dr Nadja Lehner\" width=\"200\" height=\"300\"><\/td>\n<td>\n<p><strong>Dr Nadja Lehner<\/strong><br \/>Senior Spa Doctor at Bad Gro\u00dfpertholz<\/p>\n<p><em>Photo: Moorbad Gro\u00dfpertholz<\/em><\/p>\n<\/td>\n<\/tr>\n<tr>\n<td>18:15<\/td>\n<td class=\"theme\">Sexuality pleasurable despite the diagnosis<\/td>\n<td><img loading=\"lazy\" decoding=\"async\" class=\"wp-image-5291 alignnone size-medium\" src=\"https:\/\/endometriose-oesterreich.at\/wp-content\/uploads\/2025\/06\/Magdalena-Zidi-e1750497078850-300x281.jpeg\" alt=\"Magdalena Zidi\" width=\"300\" height=\"281\"><\/td>\n<td>\n<p><strong>Magdalena Zidi<\/strong><\/p>\n<ul>\n<li>Sex therapist and sex educator<\/li>\n<li>Management of sexology<\/li>\n<\/ul>\n<p><em>Foto: Simart Fotografie<\/em><\/p>\n<\/td>\n<\/tr>\n<\/tbody>\n<\/table>\n<p>[\/et_pb_text][\/et_pb_column][\/et_pb_row][\/et_pb_section]<\/p>\n","protected":false},"excerpt":{"rendered":"<p>Endometriose ist eine der h\u00e4ufigsten gyn\u00e4kologischen Erkrankungen, deren Symptome sich vielf\u00e4ltig \u00e4u\u00dfern. Ich habe einen kostenlosen Online-Kongress zum Endometriose-Awareness-Monat M\u00e4rz, um mehr Aufkl\u00e4rung zu diesem Thema zu schaffen, organisiert. <\/p>\n","protected":false},"author":8,"featured_media":0,"parent":0,"menu_order":2,"comment_status":"closed","ping_status":"closed","template":"","meta":{"_et_pb_use_builder":"on","_et_pb_old_content":"","_et_gb_content_width":"","_price":"","_stock":"","_tribe_ticket_header":"","_tribe_default_ticket_provider":"","_tribe_ticket_capacity":"0","_ticket_start_date":"","_ticket_end_date":"","_tribe_ticket_show_description":"","_tribe_ticket_show_not_going":false,"_tribe_ticket_use_global_stock":"","_tribe_ticket_global_stock_level":"","_global_stock_mode":"","_global_stock_cap":"","_tribe_rsvp_for_event":"","_tribe_ticket_going_count":"","_tribe_ticket_not_going_count":"","_tribe_tickets_list":"[]","_tribe_ticket_has_attendee_info_fields":false,"footnotes":"","_tec_slr_enabled":"","_tec_slr_layout":""},"class_list":["post-8347","page","type-page","status-publish","hentry"],"ticketed":false,"_links":{"self":[{"href":"https:\/\/endometriose-oesterreich.at\/en\/wp-json\/wp\/v2\/pages\/8347","targetHints":{"allow":["GET"]}}],"collection":[{"href":"https:\/\/endometriose-oesterreich.at\/en\/wp-json\/wp\/v2\/pages"}],"about":[{"href":"https:\/\/endometriose-oesterreich.at\/en\/wp-json\/wp\/v2\/types\/page"}],"author":[{"embeddable":true,"href":"https:\/\/endometriose-oesterreich.at\/en\/wp-json\/wp\/v2\/users\/8"}],"replies":[{"embeddable":true,"href":"https:\/\/endometriose-oesterreich.at\/en\/wp-json\/wp\/v2\/comments?post=8347"}],"version-history":[{"count":2,"href":"https:\/\/endometriose-oesterreich.at\/en\/wp-json\/wp\/v2\/pages\/8347\/revisions"}],"predecessor-version":[{"id":8349,"href":"https:\/\/endometriose-oesterreich.at\/en\/wp-json\/wp\/v2\/pages\/8347\/revisions\/8349"}],"wp:attachment":[{"href":"https:\/\/endometriose-oesterreich.at\/en\/wp-json\/wp\/v2\/media?parent=8347"}],"curies":[{"name":"wp","href":"https:\/\/api.w.org\/{rel}","templated":true}]}}